{"id":10,"date":"2017-01-05T18:33:37","date_gmt":"2017-01-05T17:33:37","guid":{"rendered":"http:\/\/lisatroeber-photography.com\/?page_id=10"},"modified":"2022-03-14T14:25:56","modified_gmt":"2022-03-14T13:25:56","slug":"about","status":"publish","type":"page","link":"http:\/\/lisatroeber-photography.com\/index.php\/about\/","title":{"rendered":"LISA"},"content":{"rendered":"<p><img loading=\"lazy\" decoding=\"async\" data-attachment-id=\"2404\" data-permalink=\"http:\/\/lisatroeber-photography.com\/index.php\/about\/9_09\/\" data-orig-file=\"https:\/\/i0.wp.com\/lisatroeber-photography.com\/wp-content\/uploads\/2019\/01\/9_09-e1548509591407.png?fit=7643%2C3811\" data-orig-size=\"7643,3811\" data-comments-opened=\"0\" data-image-meta=\"{&quot;aperture&quot;:&quot;0&quot;,&quot;credit&quot;:&quot;&quot;,&quot;camera&quot;:&quot;&quot;,&quot;caption&quot;:&quot;&quot;,&quot;created_timestamp&quot;:&quot;0&quot;,&quot;copyright&quot;:&quot;&quot;,&quot;focal_length&quot;:&quot;0&quot;,&quot;iso&quot;:&quot;0&quot;,&quot;shutter_speed&quot;:&quot;0&quot;,&quot;title&quot;:&quot;&quot;,&quot;orientation&quot;:&quot;0&quot;}\" data-image-title=\"9_09\" data-image-description=\"\" data-image-caption=\"\" data-medium-file=\"https:\/\/i0.wp.com\/lisatroeber-photography.com\/wp-content\/uploads\/2019\/01\/9_09-e1548509591407.png?fit=300%2C150\" data-large-file=\"https:\/\/i0.wp.com\/lisatroeber-photography.com\/wp-content\/uploads\/2019\/01\/9_09-e1548509591407.png?fit=1024%2C511\" class=\"aligncenter size-medium wp-image-2404\" src=\"https:\/\/i0.wp.com\/lisatroeber-photography.com\/wp-content\/uploads\/2019\/01\/9_09-e1548509591407-300x150.png?resize=300%2C150\" alt=\"\" width=\"300\" height=\"150\" srcset=\"https:\/\/i0.wp.com\/lisatroeber-photography.com\/wp-content\/uploads\/2019\/01\/9_09-e1548509591407.png?resize=300%2C150 300w, https:\/\/i0.wp.com\/lisatroeber-photography.com\/wp-content\/uploads\/2019\/01\/9_09-e1548509591407.png?resize=768%2C383 768w, https:\/\/i0.wp.com\/lisatroeber-photography.com\/wp-content\/uploads\/2019\/01\/9_09-e1548509591407.png?resize=1024%2C511 1024w, https:\/\/i0.wp.com\/lisatroeber-photography.com\/wp-content\/uploads\/2019\/01\/9_09-e1548509591407.png?w=2000 2000w, https:\/\/i0.wp.com\/lisatroeber-photography.com\/wp-content\/uploads\/2019\/01\/9_09-e1548509591407.png?w=3000 3000w\" sizes=\"(max-width: 300px) 100vw, 300px\" data-recalc-dims=\"1\" \/><\/p>\n<p style=\"text-align: center;\"><div class=\"custom none box-3 box\"><div class=\"fadeup-effect\"><div class=\"wrap\" style=\"margin-bottom: 0px;\"><img decoding=\"async\" src=\"https:\/\/i0.wp.com\/lisatroeber-photography.com\/wp-content\/uploads\/2019\/03\/aboutme-12.jpg\" data-recalc-dims=\"1\"\/><div class=\"box-text left\">\n<p>Hallo ihr Lieben!<\/p>\n<p>Sch\u00f6n, dass ihr auf meine Seite gefunden habt. Mein Name ist Lisa und ich bin geboren und aufgewachsen im sch\u00f6nen Baden bei Wien. Hier lebe ich in einer gem\u00fctlichen 3-Zimmer Wohnung, meinem R\u00fcckzugsort und Happy Place, mit Blick auf viele gr\u00fcne B\u00e4ume und dem Fluss, der abends beim Schlafengehen immer rauscht. Das ist besonders wichtig, denn ich kann es nicht mal da ruhig haben. Ich brauche immer und \u00fcberall Musik oder Gespr\u00e4che im Hintergrund, sonst werde ich nerv\u00f6s und muss selbst ganz viel quatschen. Das mach ich sowieso meistens.<\/div><\/div><\/div><\/div>\n<div class=\"box-4 box\"><div class=\"box-container\"><div class=\"mobile-image\"><img decoding=\"async\" src=\"https:\/\/i0.wp.com\/lisatroeber-photography.com\/wp-content\/uploads\/2019\/03\/aboutme-10.jpg\" data-recalc-dims=\"1\"\/><\/div><div class=\"box-image\" style=\"background-image: url(http:\/\/lisatroeber-photography.com\/wp-content\/uploads\/2019\/03\/aboutme-10.jpg); background-size: cover;\n   background-position: center;\"><\/div><div class=\"box-text left\"><div class=\"text fadeup-effect\">Aber ich genie\u00dfe auch die ruhigen Momente, wie sie bei Hochzeiten vorkommen oder beim Blick auf sein eigenes kleines Ich beim Newbornshooting. Ich liebe es dann Geschichten von euch zu h\u00f6ren. Wie ihr aufeinander getroffen seid, dass es nicht einfach war oder so erschreckend einfach, dass man es bis heute nicht glauben kann. Geschichten von vergangenen Beziehungen, von der Zukunft, eurer Familie und euren Freunden. Wenn ich mich dann als Teil eures Abenteuers f\u00fchlen kann, das ist das Sch\u00f6nste was es geben kann. Meine Freunde sind meine Familie und mein Ein &amp; Alles. Mit ihnen kann ich stundenlang lachen und weinen, mein Herz aussch\u00fctten und neue Ideen schmieden. Mal laut und lachend durch die Gegend tanzen oder lautlos zusammensitzen. Wir leben f\u00fcr gutes Essen und kleine &amp; gro\u00dfe Reisen die uns die ganze Welt zeigen. Mein Herz schl\u00e4gt f\u00fcr all das, was man mit H\u00e4nden nicht festhalten kann &#8211; Abende am Lagerfeuer, das Kribbeln im Bauch bei Konzerten, wenn die Band die B\u00fchne betritt, den Sand zwischen den Zehen zu sp\u00fcren und das Gef\u00fchl beim Fotografieren, wenn gerade richtig sch\u00f6ne Bilder entstehen &#8211; mit meiner Kamera will ich es aber trotzdem versuchen.<\/div><\/div><\/div><\/div>\n<div class=\"none left box-3 box\"><div class=\"fadeup-effect\"><div class=\"wrap\" style=\"margin-bottom: 0px;\"><img decoding=\"async\" src=\"https:\/\/i0.wp.com\/lisatroeber-photography.com\/wp-content\/uploads\/2019\/03\/aboutme-7.jpg\" data-recalc-dims=\"1\"\/><div class=\"box-text right\">Es gibt nichts Sch\u00f6neres als f\u00fcr euch eure besonderen Momente festhalten zu d\u00fcrfen und so Erinnerungen zu schaffen, die euch noch jahrelang begleiten werden. Fotografie ist etwas Ewiges und deshalb auch so wertvoll um Emotionen festzuhalten. Vertrauen auf beiden Seiten ist deshalb unglaublich wichtig, denn nur so k\u00f6nnen, mit euch gemeinsam, die sch\u00f6nsten und authentischen Bilder und Videos entstehen. Deshalb m\u00f6chte ich mit euch gemeinsam lachen und feiern k\u00f6nnen, die stillen Momente genie\u00dfen und einfach wir selbst sein k\u00f6nnen. Neben Hochzeiten, Coupleshooting und Verlobungen, fotografiere ich auch vor allem Portraits, Newborn und Familien.<\/p>\n<p>Ich freue mich so sehr von Dir zu h\u00f6ren!<\/p>\n<p>Eure Lisa<\/p>\n<\/div><\/div><\/div><\/div>\n<div class=\"col-3\"> <div class=\"box-2 box\"><div class=\"wrap fadeup-effect\"><div class=\"box-text justify\">\n<p style=\"text-align: center;\"><em>Herz \u00fcber Kopf<\/em><\/p>\n<p>Ich bin ein totaler Gef\u00fchlsmensch und mache fast alles aus dem Bauch heraus. Ich schieb das Mal auf mein Sternzeichen (Zwilling). Gott sei Dank gibt es Menschen in meinem Leben, die wieder Ordnung in mein Chaos bringen &amp; so kann ich weiter nach dem Motto leben: Einfach mal machen &amp; auf sein Bauchgef\u00fchl verlassen!<\/p>\n<p><img loading=\"lazy\" decoding=\"async\" class=\"aligncenter\" src=\"https:\/\/i0.wp.com\/lisatroeber-photography.com\/wp-content\/uploads\/2019\/01\/1_10-e1548757722874.png?resize=125%2C115\" width=\"125\" height=\"115\" data-recalc-dims=\"1\" \/><\/div><\/div><\/div><div class=\"box-1 box\"><div class=\"wrap fadeup-effect\"><div class=\"box-text justify\"><img loading=\"lazy\" decoding=\"async\" class=\"aligncenter\" src=\"https:\/\/i0.wp.com\/lisatroeber-photography.com\/wp-content\/uploads\/2019\/01\/5_02-Kopie.png?resize=96%2C120\" width=\"96\" height=\"120\" data-recalc-dims=\"1\" \/><\/p>\n<p style=\"text-align: center;\"><em>TV-Junkie<\/em><\/p>\n<p>Seit ungef\u00e4hr meinem 10. Lebensjahr schaue ich mir so gut wie durchgehend Gilmore Girls an und liebe es noch immer. Ich kann mittlerweile mitsprechen, wei\u00df, wann welche Folge wie beginnt und endet und habe die Serie sogar in meiner Bachelorarbeit behandelt. Und ja, es geht noch mehr.<\/p>\n<\/div><\/div><\/div><div class=\"box-2 box\"><div class=\"wrap fadeup-effect\"><div class=\"box-text justify\">\n<p style=\"text-align: center;\"><em>Ok, Cool<\/em>!<\/p>\n<p>Ich bin ein absoluter Herbst-Lover. Das liegt aber nicht nur daran, dass die Luft sich so sch\u00f6n ver\u00e4ndert, alles gelb und rot und braun wird und die Sonne noch viel sch\u00f6ner scheint als im Sommer, sondern vor allem auch an den Temperaturen. Ich w\u00fcrde mich selbst als sehr ausgeglichener und zufriedener Mensch beschreiben, au\u00dfer es ist hei\u00df!<\/p>\n<p><img loading=\"lazy\" decoding=\"async\" class=\"aligncenter\" src=\"https:\/\/i0.wp.com\/lisatroeber-photography.com\/wp-content\/uploads\/2019\/01\/9_08-e1548757510655.png?resize=101%2C118\" width=\"101\" height=\"118\" data-recalc-dims=\"1\" \/><\/div><\/div><\/div> <\/div><div class=\"clearfix\"><\/div>\n","protected":false},"excerpt":{"rendered":"","protected":false},"author":1,"featured_media":0,"parent":0,"menu_order":0,"comment_status":"closed","ping_status":"closed","template":"","meta":{"_genesis_hide_title":false,"_genesis_hide_breadcrumbs":false,"_genesis_hide_singular_image":false,"_genesis_hide_footer_widgets":false,"_genesis_custom_body_class":"hide-title","_genesis_custom_post_class":"","_genesis_layout":"","jetpack_post_was_ever_published":false,"footnotes":""},"jetpack_sharing_enabled":false,"jetpack_shortlink":"https:\/\/wp.me\/P8sGNm-a","jetpack-related-posts":[{"id":2116,"url":"http:\/\/lisatroeber-photography.com\/index.php\/faq\/","url_meta":{"origin":10,"position":0},"title":"FAQ","author":"lisatroeber","date":"14. Januar 2019","format":false,"excerpt":"Du hast bestimmt viele Fragen an mich! Hier beantworte ich die meistgestellten Fragen, die mich immer wieder erreichen. Wenn dir sonst noch etwas unklar sein sollte, schreibe mir gerne jederzeit \u00fcber das Kontaktformular. Ich freu mich, dir helfen zu k\u00f6nnen! [one-half-first align=\"left\"]A L L G E M E I N\u2026","rel":"","context":"\u00c4hnlicher Beitrag","block_context":{"text":"\u00c4hnlicher Beitrag","link":""},"img":{"alt_text":"","src":"https:\/\/i0.wp.com\/lisatroeber-photography.com\/wp-content\/uploads\/2019\/01\/7_07-1.png?resize=350%2C200","width":350,"height":200,"srcset":"https:\/\/i0.wp.com\/lisatroeber-photography.com\/wp-content\/uploads\/2019\/01\/7_07-1.png?resize=350%2C200 1x, https:\/\/i0.wp.com\/lisatroeber-photography.com\/wp-content\/uploads\/2019\/01\/7_07-1.png?resize=525%2C300 1.5x, https:\/\/i0.wp.com\/lisatroeber-photography.com\/wp-content\/uploads\/2019\/01\/7_07-1.png?resize=700%2C400 2x, https:\/\/i0.wp.com\/lisatroeber-photography.com\/wp-content\/uploads\/2019\/01\/7_07-1.png?resize=1050%2C600 3x, https:\/\/i0.wp.com\/lisatroeber-photography.com\/wp-content\/uploads\/2019\/01\/7_07-1.png?resize=1400%2C800 4x"},"classes":[]},{"id":25,"url":"http:\/\/lisatroeber-photography.com\/index.php\/kontakt\/","url_meta":{"origin":10,"position":1},"title":"KONTAKT","author":"lisatroeber","date":"5. Januar 2017","format":false,"excerpt":"LET'S DO IT! Sch\u00f6n, dass du mich gefunden hast. Ich freue mich von dir zu h\u00f6ren und stehe dir jederzeit per Mail zu Verf\u00fcgung, um dir all deine Fragen zu beantworten. Trag deine Daten doch einfach bitte hier in diesem Kontaktformular ein - \u00a0Ich versuche dir dann so schnell wie\u2026","rel":"","context":"\u00c4hnlicher Beitrag","block_context":{"text":"\u00c4hnlicher Beitrag","link":""},"img":{"alt_text":"","src":"","width":0,"height":0},"classes":[]},{"id":1997,"url":"http:\/\/lisatroeber-photography.com\/index.php\/datenschutz\/","url_meta":{"origin":10,"position":2},"title":"DATENSCHUTZ","author":"lisatroeber","date":"24. Mai 2018","format":false,"excerpt":"Ich lege gro\u00dfen Wert auf den Schutz\u00a0deiner Daten. Um\u00a0dich in vollem Umfang \u00fcber die Verwendung personenbezogener Daten zu informieren, bitte ich dich die folgenden Datenschutzhinweise zur Kenntnis zu nehmen. Pers\u00f6nliche Daten Pers\u00f6nliche Daten, die\u00a0du auf dieser\u00a0Website elektronisch \u00fcbermittelst, wie zum Beispiel Name, E-Mail-Adresse, Adresse\u00a0oder andere pers\u00f6nlichen Angaben, werden von\u00a0mir nur\u2026","rel":"","context":"\u00c4hnlicher Beitrag","block_context":{"text":"\u00c4hnlicher Beitrag","link":""},"img":{"alt_text":"","src":"","width":0,"height":0},"classes":[]},{"id":1461,"url":"http:\/\/lisatroeber-photography.com\/index.php\/impressum\/","url_meta":{"origin":10,"position":3},"title":"IMPRESSUM","author":"lisatroeber","date":"26. Juni 2017","format":false,"excerpt":"F\u00fcr den Inhalt verantwortlich Lisa Tr\u00f6ber 2500 Baden, Weilburgstra\u00dfe 10\/5 hello@lisatroeber-photography.com www.lisatroeber-photography.com Copyright Die durch die Seitenbetreiber erstellten Inhalte und Werke auf diesen Seiten unterliegen dem deutschen Urheberrecht. Die Vervielf\u00e4ltigung, Bearbeitung, Verbreitung und jede Art der Verwertung au\u00dferhalb der Grenzen des Urheberrechtes bed\u00fcrfen der schriftlichen Zustimmung des jeweiligen Autors bzw.\u2026","rel":"","context":"\u00c4hnlicher Beitrag","block_context":{"text":"\u00c4hnlicher Beitrag","link":""},"img":{"alt_text":"","src":"","width":0,"height":0},"classes":[]},{"id":4074,"url":"http:\/\/lisatroeber-photography.com\/index.php\/weihnachtsminis\/","url_meta":{"origin":10,"position":4},"title":"WEIHNACHTSMINIS","author":"lisatroeber","date":"21. Oktober 2025","format":false,"excerpt":"Wir freuen uns riesig, dass du hier bist und Interesse an unseren Weihnachtsshootings hast. Egal, ob du uns das erste Mal besuchst oder schon zu unseren treuen Besucher:innen geh\u00f6rst - ein riesengro\u00dfes Dankesch\u00f6n f\u00fcr dein Interesse! Du kannst dich jetzt HIER direkt anmelden. Bitte beachte, dass dein Termin erst fix\u2026","rel":"","context":"\u00c4hnlicher Beitrag","block_context":{"text":"\u00c4hnlicher Beitrag","link":""},"img":{"alt_text":"","src":"https:\/\/i0.wp.com\/lisatroeber-photography.com\/wp-content\/uploads\/2019\/01\/9_07-e1548511744742.png?resize=350%2C200","width":350,"height":200,"srcset":"https:\/\/i0.wp.com\/lisatroeber-photography.com\/wp-content\/uploads\/2019\/01\/9_07-e1548511744742.png?resize=350%2C200 1x, https:\/\/i0.wp.com\/lisatroeber-photography.com\/wp-content\/uploads\/2019\/01\/9_07-e1548511744742.png?resize=525%2C300 1.5x, https:\/\/i0.wp.com\/lisatroeber-photography.com\/wp-content\/uploads\/2019\/01\/9_07-e1548511744742.png?resize=700%2C400 2x, https:\/\/i0.wp.com\/lisatroeber-photography.com\/wp-content\/uploads\/2019\/01\/9_07-e1548511744742.png?resize=1050%2C600 3x, https:\/\/i0.wp.com\/lisatroeber-photography.com\/wp-content\/uploads\/2019\/01\/9_07-e1548511744742.png?resize=1400%2C800 4x"},"classes":[]},{"id":89,"url":"http:\/\/lisatroeber-photography.com\/","url_meta":{"origin":10,"position":5},"title":"HOME","author":"lisatroeber","date":"14. Februar 2017","format":false,"excerpt":"","rel":"","context":"\u00c4hnlicher Beitrag","block_context":{"text":"\u00c4hnlicher Beitrag","link":""},"img":{"alt_text":"","src":"https:\/\/i0.wp.com\/lisatroeber-photography.com\/wp-content\/uploads\/2018\/12\/Hochzeit-EP-617.jpg?fit=1200%2C800&resize=350%2C200","width":350,"height":200,"srcset":"https:\/\/i0.wp.com\/lisatroeber-photography.com\/wp-content\/uploads\/2018\/12\/Hochzeit-EP-617.jpg?fit=1200%2C800&resize=350%2C200 1x, https:\/\/i0.wp.com\/lisatroeber-photography.com\/wp-content\/uploads\/2018\/12\/Hochzeit-EP-617.jpg?fit=1200%2C800&resize=525%2C300 1.5x, https:\/\/i0.wp.com\/lisatroeber-photography.com\/wp-content\/uploads\/2018\/12\/Hochzeit-EP-617.jpg?fit=1200%2C800&resize=700%2C400 2x, https:\/\/i0.wp.com\/lisatroeber-photography.com\/wp-content\/uploads\/2018\/12\/Hochzeit-EP-617.jpg?fit=1200%2C800&resize=1050%2C600 3x"},"classes":[]}],"_links":{"self":[{"href":"http:\/\/lisatroeber-photography.com\/index.php\/wp-json\/wp\/v2\/pages\/10"}],"collection":[{"href":"http:\/\/lisatroeber-photography.com\/index.php\/wp-json\/wp\/v2\/pages"}],"about":[{"href":"http:\/\/lisatroeber-photography.com\/index.php\/wp-json\/wp\/v2\/types\/page"}],"author":[{"embeddable":true,"href":"http:\/\/lisatroeber-photography.com\/index.php\/wp-json\/wp\/v2\/users\/1"}],"replies":[{"embeddable":true,"href":"http:\/\/lisatroeber-photography.com\/index.php\/wp-json\/wp\/v2\/comments?post=10"}],"version-history":[{"count":75,"href":"http:\/\/lisatroeber-photography.com\/index.php\/wp-json\/wp\/v2\/pages\/10\/revisions"}],"predecessor-version":[{"id":4050,"href":"http:\/\/lisatroeber-photography.com\/index.php\/wp-json\/wp\/v2\/pages\/10\/revisions\/4050"}],"wp:attachment":[{"href":"http:\/\/lisatroeber-photography.com\/index.php\/wp-json\/wp\/v2\/media?parent=10"}],"curies":[{"name":"wp","href":"https:\/\/api.w.org\/{rel}","templated":true}]}}