{"id":2116,"date":"2019-01-14T11:48:52","date_gmt":"2019-01-14T10:48:52","guid":{"rendered":"http:\/\/lisatroeber-photography.com\/?page_id=2116"},"modified":"2019-02-18T12:35:25","modified_gmt":"2019-02-18T11:35:25","slug":"faq","status":"publish","type":"page","link":"http:\/\/lisatroeber-photography.com\/index.php\/faq\/","title":{"rendered":"FAQ"},"content":{"rendered":"\n<p style=\"text-align:center\" class=\"has-background has-very-light-gray-background-color\">Du hast bestimmt viele Fragen an mich! Hier beantworte ich die meistgestellten Fragen, die mich immer wieder erreichen. Wenn dir sonst noch etwas unklar sein sollte, schreibe mir gerne jederzeit \u00fcber das Kontaktformular. Ich freu mich, dir helfen zu k\u00f6nnen!<\/p>\n\n\n\n[one-half-first align=&#8220;left&#8220;]A L L G E M E I N<\/p>\n\n\n\n<div class=\"faq-block\"><h3 class=\"question\">Wie lange muss ich warten, bis ich ein Shooting mit dir machen kann?<\/h3><div class=\"answer\">Sobald du Bescheid wei\u00dft, dass du ein Shooting machen m\u00f6chtest, schreibst du mir einfach und ich versuche mit dir gemeinsam einen Termin zu finden. Wenn du beispielsweise ein Newborn Shooting machen m\u00f6chtest, meldest du dich am besten noch in der Schwangerschaft, damit ich mir die Woche deiner Geburt vormerken kann. Wenn dein Baby dann da ist, gibst du mir noch einmal kurz Bescheid und wir finden den besten Tag daf\u00fcr zusammen.<\/div><\/div>\n\n\n\n<div class=\"faq-block\"><h3 class=\"question\">Shootest du auch am Wochenende?<\/h3><div class=\"answer\">Ich shoote nur bei besonderen Ausnahmen am Wochenende zB bei Taufen oder Terminen, die nicht anders m\u00f6glich sind. Im Sommer bin ich fast jedes Wochenende auf Hochzeiten und so m\u00f6chte auch ich Zeit mit Freunden und Familie am Wochenende verbringen.<\/div><\/div>\n\n\n\n<div class=\"faq-block\"><h3 class=\"question\">Vergibst du nach dem Shooting auch die RAW-Bilder?<\/h3><div class=\"answer\">Nein! Meine Bilder sind, solange sie nicht bearbeitet sind, ein Rohprodukt und erst fertig, wenn alles nach meinem Stil bearbeitet wurde. <\/div><\/div>\n\n\n\n<div class=\"faq-block\"><h3 class=\"question\">Was soll ich nur anziehen?<\/h3><div class=\"answer\">Eine Frage, die nicht nur Frauen rund um die Welt t\u00e4glich besch\u00e4ftigt ist: Was soll ich beim Shooting anziehen? Generell gilt: Grelle Farben wie ein Orange, Rot oder Gr\u00fcn bitte lieber vermeiden. Besonders sch\u00f6n wirken Farben wie Wei\u00df, Beige, Pastellt\u00f6ne, Graut\u00f6ne und nicht zu knallige, dunkle Farbt\u00f6ne. Auch Muster sollten nicht zu sehr gemischt werden und gro\u00dfe Logos auf dem T-Shirt lenken auch gerne ab. Das Wichtigste ist aber nat\u00fcrlich, dass du dich rundum wohl in deinem Outfit f\u00fchlst und es gut zu dir passt. Dann kannst du beim Shooting ganz du selbst sein und dich entspannen.<\/div><\/div>\n\n\n\n<div class=\"faq-block\"><h3 class=\"question\">Wo findet unser Shooting statt?<\/h3><div class=\"answer\">Am besten dort, wo ihr euch wohl f\u00fchlt. Das kann bei euch zuhause sein, in einem Park, am Feld oder in der Stadt. Ich habe kein Studio und komme deshalb dorthin, wo ihr seid. Ich kenne auch schon viele Locations, die sich super f\u00fcr Shootings eignen &#8211; wir finden zusammen sicher einen tollen Platz.<\/div><\/div>\n\n\n\n<div class=\"faq-block\"><h3 class=\"question\">Wann ist der beste Zeitpunkt f\u00fcr ein Babybauch-bzw. Newbornshooting?<\/h3><div class=\"answer\">Ich finde, dass es darauf keine richtige oder falsche Antwort gibt. Viele Frauen f\u00fchlen sich in den Anf\u00e4ngen ihrer Schwangerschaft wohler als sp\u00e4ter. Optimal ist es nat\u00fcrlich, wenn man dein B\u00e4uchlein schon gut erkennt und die Geburt noch so ein St\u00fcck entfernt ist, dass es nicht jede Minute losgehen k\u00f6nnte. Beim Newbornshooting sagt man, dass die Fotos in den ersten zwei &#8211; drei Wochen entstehen sollten, vor allem deshalb, weil euer Kind dann noch sehr verschlafen und ruhig ist. Allerdings hatte ich weinende Babys mit 3 Tagen und die bravsten Kinder mit 5 Wochen. Ich finde, dass jedes Alter seinen Charme hat und ihr als Eltern kennt euer Kind am besten!<\/div><\/div>\n\n\n\n<div class=\"faq-block\"><h3 class=\"question\">Kann ich bei Dir auch Gutscheine bekommen?<\/h3><div class=\"answer\">Ja! Sehr gerne, frag mich einfach danach \u00fcber das Kontaktformular.<\/div><\/div>\n\n\n\n[\/one-half-first]\n\n\n\n[one-half align=&#8220;left&#8220;]H O C H Z E I T <\/p>\n\n\n\n<div class=\"faq-block\"><h3 class=\"question\">Wann sollen wir uns bei dir melden?<\/h3><div class=\"answer\">Im Idealfall sobald ihr euren Hochzeitstermin festgelegt habt. Wir bekommen sehr viel Buchungen bereits 1-2 Jahre im Voraus, allerdings nehmen wir gerne auch spontan eine Buchung an, sofern wir an diesem Termin noch frei sind.<\/div><\/div>\n\n\n\n<div class=\"faq-block\"><h3 class=\"question\">Kommst du gemeinsam mit einer Second Shooterin?<\/h3><div class=\"answer\">Ja! Bei gr\u00f6\u00dferen Hochzeiten komme ich immer gemeinsam in einem Team mit meiner lieben Anna. Sie unterst\u00fctzt mich dann entweder beim Fotografieren oder ist als Filmerin dabei, um eure sch\u00f6nsten Momente auch in Bewegtbildern festzuhalten. Unsere Videos k\u00f6nnt ihr euch gerne <a href=\"http:\/\/www.lisanna.at\" target=\"_blank\" rel=\"noreferrer noopener\" aria-label=\"hier (opens in a new tab)\">hier<\/a> ansehen.<\/div><\/div>\n\n\n\n<div class=\"faq-block\"><h3 class=\"question\">Bietest du bestimmte Pakete an?<\/h3><div class=\"answer\">Mir ist es besonders wichtig meine Pakete immer auf euch abzustimmen, weshalb ich nach Stunden verrechne. Die meist gebuchten Reportagen befinden sich meistens zwischen 6 und 8 Stunden. In diesem Zeitraum ist meist das wichtigste abgedeckt und festgehalten. Ich beginne schon immer gerne beim Getting Ready und bleibe dann entweder bis zum Paarshooting nach der Trauung oder dem ersten Tanz bzw. dem Tortenanschnitt. Je nachdem aber wie sich euer Zeitplan gestaltet freue ich mich mit euch alles durchzugehen und das perfekte Paket f\u00fcr euch zusammenzustellen.<\/div><\/div>\n\n\n\n<div class=\"faq-block\"><h3 class=\"question\">K\u00f6nnen wir dich vor der Hochzeit kennenlernen?<\/h3><div class=\"answer\">Na klar! Mir ist es sehr wichtig meine Brautpaare immer vorab kennenzulernen, weil auf beiden Seiten Sympathie und Vertrauen irrsinnig wichtig f\u00fcr so eine Zusammenarbeit ist. Ich werde euch an eurem Hochzeitstag nicht von der Seite weichen, weshalb es extrem wichtig ist, dass wir miteinander harmonieren. Sollte ein pers\u00f6nliches Treffen nicht m\u00f6glich sein, k\u00f6nnen wir uns gerne auch per Videochat (Facetime, ..) kennen lernen.<\/div><\/div>\n\n\n\n<div class=\"faq-block\"><h3 class=\"question\">K\u00f6nnen wir auch ein Verlobungsshooting mit dir machen?<\/h3><div class=\"answer\">Ja! Ich lege es meinen Paaren sogar ans Herz, ein solche Shooting zu buchen, um schon mal zu sehen, wie es ist vor der Kamera zu stehen und wie es ist, mit mir zu arbeiten. Viele meiner Paare lassen das erste Mal Fotos von sich machen und so wird einem gleich mal die Unsicherheit vor dem gro\u00dfen Tag genommen. Au\u00dferdem k\u00f6nnt ihr die Bilder dann eventuell f\u00fcr Save The Date oder Einladungskarten verwenden.<\/div><\/div>\n\n\n\n<div class=\"faq-block\"><h3 class=\"question\">Gestaltest du auch Fotob\u00fccher?<\/h3><div class=\"answer\">Sehr gerne mache ich euch von eurem wichtigsten Tag ein Fotobuch. Bei diesem k\u00f6nnt ihr dann frei mitentscheiden, welche Bilder hinein sollen und welches Papier von welchem Umschlag gebunden werden soll. <\/div><\/div>\n\n\n\n<div class=\"faq-block\"><h3 class=\"question\">Wann bekommen wir unsere Fotos\/unser Video?<\/h3><div class=\"answer\">Ich versuche immer so schnell wie m\u00f6glich eure Box zu verschicken, allerdings m\u00f6chte ich auch genug Zeit &amp; Liebe in die Bearbeitung eurer Bilder und Videos stecken. In der Hochsaison kann es bis zu 4-5 Wochen dauern, bis ihr euer Paket erhaltet.<\/div><\/div>\n\n\n\n[\/one-half]\n\n\n\n<div class=\"wp-block-image\"><figure class=\"aligncenter is-resized\"><img loading=\"lazy\" decoding=\"async\" data-attachment-id=\"2443\" data-permalink=\"http:\/\/lisatroeber-photography.com\/7_07-2\/\" data-orig-file=\"https:\/\/i0.wp.com\/lisatroeber-photography.com\/wp-content\/uploads\/2019\/01\/7_07-1.png?fit=8000%2C8000\" data-orig-size=\"8000,8000\" data-comments-opened=\"0\" data-image-meta=\"{&quot;aperture&quot;:&quot;0&quot;,&quot;credit&quot;:&quot;&quot;,&quot;camera&quot;:&quot;&quot;,&quot;caption&quot;:&quot;&quot;,&quot;created_timestamp&quot;:&quot;0&quot;,&quot;copyright&quot;:&quot;&quot;,&quot;focal_length&quot;:&quot;0&quot;,&quot;iso&quot;:&quot;0&quot;,&quot;shutter_speed&quot;:&quot;0&quot;,&quot;title&quot;:&quot;&quot;,&quot;orientation&quot;:&quot;0&quot;}\" data-image-title=\"7_07\" data-image-description=\"\" data-image-caption=\"\" data-medium-file=\"https:\/\/i0.wp.com\/lisatroeber-photography.com\/wp-content\/uploads\/2019\/01\/7_07-1.png?fit=300%2C300\" data-large-file=\"https:\/\/i0.wp.com\/lisatroeber-photography.com\/wp-content\/uploads\/2019\/01\/7_07-1.png?fit=1024%2C1024\" src=\"https:\/\/i0.wp.com\/lisatroeber-photography.com\/wp-content\/uploads\/2019\/01\/7_07-1.png?resize=362%2C362\" alt=\"\" class=\"wp-image-2443\" width=\"362\" height=\"362\" srcset=\"https:\/\/i0.wp.com\/lisatroeber-photography.com\/wp-content\/uploads\/2019\/01\/7_07-1.png?resize=1024%2C1024 1024w, https:\/\/i0.wp.com\/lisatroeber-photography.com\/wp-content\/uploads\/2019\/01\/7_07-1.png?resize=800%2C800 800w, https:\/\/i0.wp.com\/lisatroeber-photography.com\/wp-content\/uploads\/2019\/01\/7_07-1.png?resize=300%2C300 300w, https:\/\/i0.wp.com\/lisatroeber-photography.com\/wp-content\/uploads\/2019\/01\/7_07-1.png?resize=768%2C768 768w, https:\/\/i0.wp.com\/lisatroeber-photography.com\/wp-content\/uploads\/2019\/01\/7_07-1.png?w=2000 2000w, https:\/\/i0.wp.com\/lisatroeber-photography.com\/wp-content\/uploads\/2019\/01\/7_07-1.png?w=3000 3000w\" sizes=\"(max-width: 362px) 100vw, 362px\" data-recalc-dims=\"1\" \/><\/figure><\/div>\n","protected":false},"excerpt":{"rendered":"<p>Du hast bestimmt viele Fragen an mich! Hier beantworte ich die meistgestellten Fragen, die mich immer wieder erreichen. Wenn dir&#8230;<\/p>\n<div class=\"more-link\"><a href=\"http:\/\/lisatroeber-photography.com\/index.php\/faq\/\">READ MORE<\/a><\/div>\n","protected":false},"author":1,"featured_media":0,"parent":0,"menu_order":0,"comment_status":"closed","ping_status":"closed","template":"","meta":{"_genesis_hide_title":false,"_genesis_hide_breadcrumbs":false,"_genesis_hide_singular_image":false,"_genesis_hide_footer_widgets":false,"_genesis_custom_body_class":"","_genesis_custom_post_class":"","_genesis_layout":"","jetpack_post_was_ever_published":false,"footnotes":""},"jetpack_sharing_enabled":true,"jetpack_shortlink":"https:\/\/wp.me\/P8sGNm-y8","jetpack-related-posts":[{"id":25,"url":"http:\/\/lisatroeber-photography.com\/index.php\/kontakt\/","url_meta":{"origin":2116,"position":0},"title":"KONTAKT","author":"lisatroeber","date":"5. Januar 2017","format":false,"excerpt":"LET'S DO IT! Sch\u00f6n, dass du mich gefunden hast. Ich freue mich von dir zu h\u00f6ren und stehe dir jederzeit per Mail zu Verf\u00fcgung, um dir all deine Fragen zu beantworten. Trag deine Daten doch einfach bitte hier in diesem Kontaktformular ein - \u00a0Ich versuche dir dann so schnell wie\u2026","rel":"","context":"\u00c4hnlicher Beitrag","block_context":{"text":"\u00c4hnlicher Beitrag","link":""},"img":{"alt_text":"","src":"","width":0,"height":0},"classes":[]},{"id":10,"url":"http:\/\/lisatroeber-photography.com\/index.php\/about\/","url_meta":{"origin":2116,"position":1},"title":"LISA","author":"lisatroeber","date":"5. Januar 2017","format":false,"excerpt":"","rel":"","context":"\u00c4hnlicher Beitrag","block_context":{"text":"\u00c4hnlicher Beitrag","link":""},"img":{"alt_text":"","src":"","width":0,"height":0},"classes":[]},{"id":1997,"url":"http:\/\/lisatroeber-photography.com\/index.php\/datenschutz\/","url_meta":{"origin":2116,"position":2},"title":"DATENSCHUTZ","author":"lisatroeber","date":"24. Mai 2018","format":false,"excerpt":"Ich lege gro\u00dfen Wert auf den Schutz\u00a0deiner Daten. Um\u00a0dich in vollem Umfang \u00fcber die Verwendung personenbezogener Daten zu informieren, bitte ich dich die folgenden Datenschutzhinweise zur Kenntnis zu nehmen. Pers\u00f6nliche Daten Pers\u00f6nliche Daten, die\u00a0du auf dieser\u00a0Website elektronisch \u00fcbermittelst, wie zum Beispiel Name, E-Mail-Adresse, Adresse\u00a0oder andere pers\u00f6nlichen Angaben, werden von\u00a0mir nur\u2026","rel":"","context":"\u00c4hnlicher Beitrag","block_context":{"text":"\u00c4hnlicher Beitrag","link":""},"img":{"alt_text":"","src":"","width":0,"height":0},"classes":[]},{"id":4074,"url":"http:\/\/lisatroeber-photography.com\/index.php\/weihnachtsminis\/","url_meta":{"origin":2116,"position":3},"title":"WEIHNACHTSMINIS","author":"lisatroeber","date":"21. Oktober 2025","format":false,"excerpt":"Wir freuen uns riesig, dass du hier bist und Interesse an unseren Weihnachtsshootings hast. Egal, ob du uns das erste Mal besuchst oder schon zu unseren treuen Besucher:innen geh\u00f6rst - ein riesengro\u00dfes Dankesch\u00f6n f\u00fcr dein Interesse! Du kannst dich jetzt HIER direkt anmelden. Bitte beachte, dass dein Termin erst fix\u2026","rel":"","context":"\u00c4hnlicher Beitrag","block_context":{"text":"\u00c4hnlicher Beitrag","link":""},"img":{"alt_text":"","src":"https:\/\/i0.wp.com\/lisatroeber-photography.com\/wp-content\/uploads\/2019\/01\/9_07-e1548511744742.png?resize=350%2C200","width":350,"height":200,"srcset":"https:\/\/i0.wp.com\/lisatroeber-photography.com\/wp-content\/uploads\/2019\/01\/9_07-e1548511744742.png?resize=350%2C200 1x, https:\/\/i0.wp.com\/lisatroeber-photography.com\/wp-content\/uploads\/2019\/01\/9_07-e1548511744742.png?resize=525%2C300 1.5x, https:\/\/i0.wp.com\/lisatroeber-photography.com\/wp-content\/uploads\/2019\/01\/9_07-e1548511744742.png?resize=700%2C400 2x, https:\/\/i0.wp.com\/lisatroeber-photography.com\/wp-content\/uploads\/2019\/01\/9_07-e1548511744742.png?resize=1050%2C600 3x, https:\/\/i0.wp.com\/lisatroeber-photography.com\/wp-content\/uploads\/2019\/01\/9_07-e1548511744742.png?resize=1400%2C800 4x"},"classes":[]},{"id":1461,"url":"http:\/\/lisatroeber-photography.com\/index.php\/impressum\/","url_meta":{"origin":2116,"position":4},"title":"IMPRESSUM","author":"lisatroeber","date":"26. Juni 2017","format":false,"excerpt":"F\u00fcr den Inhalt verantwortlich Lisa Tr\u00f6ber 2500 Baden, Weilburgstra\u00dfe 10\/5 hello@lisatroeber-photography.com www.lisatroeber-photography.com Copyright Die durch die Seitenbetreiber erstellten Inhalte und Werke auf diesen Seiten unterliegen dem deutschen Urheberrecht. Die Vervielf\u00e4ltigung, Bearbeitung, Verbreitung und jede Art der Verwertung au\u00dferhalb der Grenzen des Urheberrechtes bed\u00fcrfen der schriftlichen Zustimmung des jeweiligen Autors bzw.\u2026","rel":"","context":"\u00c4hnlicher Beitrag","block_context":{"text":"\u00c4hnlicher Beitrag","link":""},"img":{"alt_text":"","src":"","width":0,"height":0},"classes":[]}],"_links":{"self":[{"href":"http:\/\/lisatroeber-photography.com\/index.php\/wp-json\/wp\/v2\/pages\/2116"}],"collection":[{"href":"http:\/\/lisatroeber-photography.com\/index.php\/wp-json\/wp\/v2\/pages"}],"about":[{"href":"http:\/\/lisatroeber-photography.com\/index.php\/wp-json\/wp\/v2\/types\/page"}],"author":[{"embeddable":true,"href":"http:\/\/lisatroeber-photography.com\/index.php\/wp-json\/wp\/v2\/users\/1"}],"replies":[{"embeddable":true,"href":"http:\/\/lisatroeber-photography.com\/index.php\/wp-json\/wp\/v2\/comments?post=2116"}],"version-history":[{"count":19,"href":"http:\/\/lisatroeber-photography.com\/index.php\/wp-json\/wp\/v2\/pages\/2116\/revisions"}],"predecessor-version":[{"id":3077,"href":"http:\/\/lisatroeber-photography.com\/index.php\/wp-json\/wp\/v2\/pages\/2116\/revisions\/3077"}],"wp:attachment":[{"href":"http:\/\/lisatroeber-photography.com\/index.php\/wp-json\/wp\/v2\/media?parent=2116"}],"curies":[{"name":"wp","href":"https:\/\/api.w.org\/{rel}","templated":true}]}}