{"id":25,"date":"2017-01-05T18:44:34","date_gmt":"2017-01-05T17:44:34","guid":{"rendered":"http:\/\/lisatroeber-photography.com\/?page_id=25"},"modified":"2019-04-08T12:56:35","modified_gmt":"2019-04-08T10:56:35","slug":"kontakt","status":"publish","type":"page","link":"http:\/\/lisatroeber-photography.com\/index.php\/kontakt\/","title":{"rendered":"KONTAKT"},"content":{"rendered":"<h2 style=\"text-align: center;\">LET&#8217;S DO IT!<\/h2>\n<h2 style=\"text-align: center;\"><img loading=\"lazy\" decoding=\"async\" data-attachment-id=\"2425\" data-permalink=\"http:\/\/lisatroeber-photography.com\/index.php\/kontakt\/6_04-kopie\/\" data-orig-file=\"https:\/\/i0.wp.com\/lisatroeber-photography.com\/wp-content\/uploads\/2019\/01\/6_04-Kopie.png?fit=6610%2C2250\" data-orig-size=\"6610,2250\" data-comments-opened=\"0\" data-image-meta=\"{&quot;aperture&quot;:&quot;0&quot;,&quot;credit&quot;:&quot;&quot;,&quot;camera&quot;:&quot;&quot;,&quot;caption&quot;:&quot;&quot;,&quot;created_timestamp&quot;:&quot;0&quot;,&quot;copyright&quot;:&quot;&quot;,&quot;focal_length&quot;:&quot;0&quot;,&quot;iso&quot;:&quot;0&quot;,&quot;shutter_speed&quot;:&quot;0&quot;,&quot;title&quot;:&quot;&quot;,&quot;orientation&quot;:&quot;0&quot;}\" data-image-title=\"6_04 Kopie\" data-image-description=\"\" data-image-caption=\"\" data-medium-file=\"https:\/\/i0.wp.com\/lisatroeber-photography.com\/wp-content\/uploads\/2019\/01\/6_04-Kopie.png?fit=300%2C102\" data-large-file=\"https:\/\/i0.wp.com\/lisatroeber-photography.com\/wp-content\/uploads\/2019\/01\/6_04-Kopie.png?fit=1024%2C349\" class=\"aligncenter  wp-image-2425\" src=\"https:\/\/i0.wp.com\/lisatroeber-photography.com\/wp-content\/uploads\/2019\/01\/6_04-Kopie.png?resize=285%2C97\" alt=\"\" width=\"285\" height=\"97\" srcset=\"https:\/\/i0.wp.com\/lisatroeber-photography.com\/wp-content\/uploads\/2019\/01\/6_04-Kopie.png?resize=300%2C102 300w, https:\/\/i0.wp.com\/lisatroeber-photography.com\/wp-content\/uploads\/2019\/01\/6_04-Kopie.png?resize=768%2C261 768w, https:\/\/i0.wp.com\/lisatroeber-photography.com\/wp-content\/uploads\/2019\/01\/6_04-Kopie.png?resize=1024%2C349 1024w, https:\/\/i0.wp.com\/lisatroeber-photography.com\/wp-content\/uploads\/2019\/01\/6_04-Kopie.png?w=2000 2000w, https:\/\/i0.wp.com\/lisatroeber-photography.com\/wp-content\/uploads\/2019\/01\/6_04-Kopie.png?w=3000 3000w\" sizes=\"(max-width: 285px) 100vw, 285px\" data-recalc-dims=\"1\" \/><\/h2>\n<p style=\"text-align: center;\">Sch\u00f6n, dass du mich gefunden hast. Ich freue mich von dir zu h\u00f6ren und stehe dir jederzeit per Mail zu Verf\u00fcgung, um dir all deine Fragen zu beantworten. Trag deine Daten doch einfach bitte hier in diesem Kontaktformular ein &#8211; \u00a0Ich versuche dir dann so schnell wie m\u00f6glich zu antworten.<\/p>\n<p style=\"text-align: center;\">&#8211;<\/p>\n<p style=\"text-align: center;\">Wenn du mich wegen deiner Hochzeit kontaktierst, w\u00fcrde ich mich total freuen, schon mehr \u00fcber euch, euren gro\u00dfen Tag und eure Location zu erfahren. Schreibt am besten wild darauf los und erz\u00e4hlt mir alles, was ihr schon wisst. Vom Farbkonzept bis zum Stil eurer Hochzeit bin ich auf alles gespannt, was ihr zu erz\u00e4hlen habt!<\/p>\n<h1 style=\"text-align: center;\"><\/h1>\n<p style=\"text-align: center;\">\n<div class=\"wpcf7 no-js\" id=\"wpcf7-f2099-o1\" lang=\"de-DE\" dir=\"ltr\">\n<div class=\"screen-reader-response\"><p role=\"status\" aria-live=\"polite\" aria-atomic=\"true\"><\/p> <ul><\/ul><\/div>\n<form action=\"\/index.php\/wp-json\/wp\/v2\/pages\/25#wpcf7-f2099-o1\" method=\"post\" class=\"wpcf7-form init\" aria-label=\"Kontaktformular\" enctype=\"multipart\/form-data\" novalidate=\"novalidate\" data-status=\"init\">\n<div style=\"display: none;\">\n<input type=\"hidden\" name=\"_wpcf7\" value=\"2099\" \/>\n<input type=\"hidden\" name=\"_wpcf7_version\" value=\"5.8.6\" \/>\n<input type=\"hidden\" name=\"_wpcf7_locale\" value=\"de_DE\" \/>\n<input type=\"hidden\" name=\"_wpcf7_unit_tag\" value=\"wpcf7-f2099-o1\" \/>\n<input type=\"hidden\" name=\"_wpcf7_container_post\" value=\"0\" \/>\n<input type=\"hidden\" name=\"_wpcf7_posted_data_hash\" value=\"\" \/>\n<input type=\"hidden\" name=\"_wpcf7cf_hidden_group_fields\" value=\"[]\" \/>\n<input type=\"hidden\" name=\"_wpcf7cf_hidden_groups\" value=\"[]\" \/>\n<input type=\"hidden\" name=\"_wpcf7cf_visible_groups\" value=\"[]\" \/>\n<input type=\"hidden\" name=\"_wpcf7cf_repeaters\" value=\"[]\" \/>\n<input type=\"hidden\" name=\"_wpcf7cf_steps\" value=\"{}\" \/>\n<input type=\"hidden\" name=\"_wpcf7cf_options\" value=\"{&quot;form_id&quot;:2099,&quot;conditions&quot;:[{&quot;then_field&quot;:&quot;datumgroup&quot;,&quot;and_rules&quot;:[{&quot;if_field&quot;:&quot;your-subject&quot;,&quot;operator&quot;:&quot;equals&quot;,&quot;if_value&quot;:&quot;Hochzeit&quot;}]}],&quot;settings&quot;:{&quot;animation&quot;:&quot;yes&quot;,&quot;animation_intime&quot;:200,&quot;animation_outtime&quot;:200,&quot;conditions_ui&quot;:&quot;normal&quot;,&quot;notice_dismissed&quot;:false}}\" \/>\n<\/div>\n<p class=\"name\"><span class=\"wpcf7-form-control-wrap\" data-name=\"your-name\"><input size=\"40\" class=\"wpcf7-form-control wpcf7-text wpcf7-validates-as-required\" aria-required=\"true\" aria-invalid=\"false\" placeholder=\"NAME *\" value=\"\" type=\"text\" name=\"your-name\" \/><\/span>\n<\/p>\n<p class=\"email\"><span class=\"wpcf7-form-control-wrap\" data-name=\"your-email\"><input size=\"40\" class=\"wpcf7-form-control wpcf7-email wpcf7-validates-as-required wpcf7-text wpcf7-validates-as-email\" aria-required=\"true\" aria-invalid=\"false\" placeholder=\"EMAIL *\" value=\"\" type=\"email\" name=\"your-email\" \/><\/span>\n<\/p>\n<p class=\"anfrage\"><span class=\"wpcf7-form-control-wrap\" data-name=\"your-subject\"><select class=\"wpcf7-form-control wpcf7-select wpcf7-validates-as-required\" id=\"shooting-art\" aria-required=\"true\" aria-invalid=\"false\" name=\"your-subject\"><option value=\"ART DES SHOOTINGS\">ART DES SHOOTINGS<\/option><option value=\"Hochzeit\">Hochzeit<\/option><option value=\"Babybauch\">Babybauch<\/option><option value=\"Newborn\">Newborn<\/option><option value=\"Babybauch- und Newborn\">Babybauch- und Newborn<\/option><option value=\"Couple\">Couple<\/option><option value=\"Familie\">Familie<\/option><option value=\"Portrait\">Portrait<\/option><option value=\"Gutschein\">Gutschein<\/option><option value=\"Sonstiges\">Sonstiges<\/option><\/select><\/span>\n<\/p>\n<div data-id=\"datumgroup\" data-orig_data_id=\"datumgroup\"  data-class=\"wpcf7cf_group\">\n\t<p><span class=\"wpcf7-form-control-wrap\" data-name=\"Hochzeitsdatum\"><input class=\"wpcf7-form-control wpcf7-date wpcf7-validates-as-date\" aria-invalid=\"false\" value=\"\" type=\"date\" name=\"Hochzeitsdatum\" \/><\/span>\n\t<\/p>\n<\/div>\n<p class=\"wohnort\"><span class=\"wpcf7-form-control-wrap\" data-name=\"your-wohnort\"><input size=\"40\" class=\"wpcf7-form-control wpcf7-text\" aria-invalid=\"false\" placeholder=\"WOHNORT\" value=\"\" type=\"text\" name=\"your-wohnort\" \/><\/span>\n<\/p>\n<p class=\"message\"><span class=\"wpcf7-form-control-wrap\" data-name=\"your-message\"><textarea cols=\"40\" rows=\"10\" class=\"wpcf7-form-control wpcf7-textarea\" aria-invalid=\"false\" placeholder=\"NACHRICHT\" name=\"your-message\"><\/textarea><\/span>\n<\/p>\n<p><span class=\"wpcf7-form-control-wrap\" data-name=\"Datenschutz\"><span class=\"wpcf7-form-control wpcf7-checkbox wpcf7-validates-as-required\"><span class=\"wpcf7-list-item first last\"><input type=\"checkbox\" name=\"Datenschutz[]\" value=\"Ja, ich habe die Datenschutzerkl\u00e4rung zur Kenntnis genommen und bin damit einverstanden, dass die von mir angegebenen Daten elektronisch erhoben und gespeichert werden.\" \/><span class=\"wpcf7-list-item-label\">Ja, ich habe die Datenschutzerkl\u00e4rung zur Kenntnis genommen und bin damit einverstanden, dass die von mir angegebenen Daten elektronisch erhoben und gespeichert werden.<\/span><\/span><\/span><\/span>\n<\/p>\n<p>Du kennst mein Gesicht - zeigst du mir auch deines? Ich w\u00fcrde mich \u00fcber ein Bild von Dir freuen! <span class=\"wpcf7-form-control-wrap\" data-name=\"picture\"><input size=\"40\" class=\"wpcf7-form-control wpcf7-file\" accept=\"audio\/*,video\/*,image\/*\" aria-invalid=\"false\" type=\"file\" name=\"picture\" \/><\/span>\n<\/p>\n<p class=\"send\"><input class=\"wpcf7-form-control wpcf7-submit has-spinner\" type=\"submit\" value=\"SENDEN\" \/>\n<\/p><p style=\"display: none !important;\" class=\"akismet-fields-container\" data-prefix=\"_wpcf7_ak_\"><label>&#916;<textarea name=\"_wpcf7_ak_hp_textarea\" cols=\"45\" rows=\"8\" maxlength=\"100\"><\/textarea><\/label><input type=\"hidden\" id=\"ak_js_1\" name=\"_wpcf7_ak_js\" value=\"134\"\/><script>document.getElementById( \"ak_js_1\" ).setAttribute( \"value\", ( new Date() ).getTime() );<\/script><\/p><div class=\"wpcf7-response-output\" aria-hidden=\"true\"><\/div>\n<\/form>\n<\/div>\n\n<p style=\"text-align: center;\">\n","protected":false},"excerpt":{"rendered":"<p>LET&#8217;S DO IT! Sch\u00f6n, dass du mich gefunden hast. Ich freue mich von dir zu h\u00f6ren und stehe dir jederzeit&#8230;<\/p>\n<div class=\"more-link\"><a href=\"http:\/\/lisatroeber-photography.com\/index.php\/kontakt\/\">READ MORE<\/a><\/div>\n","protected":false},"author":1,"featured_media":0,"parent":0,"menu_order":0,"comment_status":"closed","ping_status":"closed","template":"","meta":{"_genesis_hide_title":false,"_genesis_hide_breadcrumbs":false,"_genesis_hide_singular_image":false,"_genesis_hide_footer_widgets":false,"_genesis_custom_body_class":"hide-title","_genesis_custom_post_class":"","_genesis_layout":"","jetpack_post_was_ever_published":false,"footnotes":""},"jetpack_sharing_enabled":false,"jetpack_shortlink":"https:\/\/wp.me\/P8sGNm-p","jetpack-related-posts":[{"id":2116,"url":"http:\/\/lisatroeber-photography.com\/index.php\/faq\/","url_meta":{"origin":25,"position":0},"title":"FAQ","author":"lisatroeber","date":"14. Januar 2019","format":false,"excerpt":"Du hast bestimmt viele Fragen an mich! Hier beantworte ich die meistgestellten Fragen, die mich immer wieder erreichen. Wenn dir sonst noch etwas unklar sein sollte, schreibe mir gerne jederzeit \u00fcber das Kontaktformular. Ich freu mich, dir helfen zu k\u00f6nnen! [one-half-first align=\"left\"]A L L G E M E I N\u2026","rel":"","context":"\u00c4hnlicher Beitrag","block_context":{"text":"\u00c4hnlicher Beitrag","link":""},"img":{"alt_text":"","src":"https:\/\/i0.wp.com\/lisatroeber-photography.com\/wp-content\/uploads\/2019\/01\/7_07-1.png?resize=350%2C200","width":350,"height":200,"srcset":"https:\/\/i0.wp.com\/lisatroeber-photography.com\/wp-content\/uploads\/2019\/01\/7_07-1.png?resize=350%2C200 1x, https:\/\/i0.wp.com\/lisatroeber-photography.com\/wp-content\/uploads\/2019\/01\/7_07-1.png?resize=525%2C300 1.5x, https:\/\/i0.wp.com\/lisatroeber-photography.com\/wp-content\/uploads\/2019\/01\/7_07-1.png?resize=700%2C400 2x, https:\/\/i0.wp.com\/lisatroeber-photography.com\/wp-content\/uploads\/2019\/01\/7_07-1.png?resize=1050%2C600 3x, https:\/\/i0.wp.com\/lisatroeber-photography.com\/wp-content\/uploads\/2019\/01\/7_07-1.png?resize=1400%2C800 4x"},"classes":[]},{"id":10,"url":"http:\/\/lisatroeber-photography.com\/index.php\/about\/","url_meta":{"origin":25,"position":1},"title":"LISA","author":"lisatroeber","date":"5. Januar 2017","format":false,"excerpt":"","rel":"","context":"\u00c4hnlicher Beitrag","block_context":{"text":"\u00c4hnlicher Beitrag","link":""},"img":{"alt_text":"","src":"","width":0,"height":0},"classes":[]},{"id":1997,"url":"http:\/\/lisatroeber-photography.com\/index.php\/datenschutz\/","url_meta":{"origin":25,"position":2},"title":"DATENSCHUTZ","author":"lisatroeber","date":"24. Mai 2018","format":false,"excerpt":"Ich lege gro\u00dfen Wert auf den Schutz\u00a0deiner Daten. Um\u00a0dich in vollem Umfang \u00fcber die Verwendung personenbezogener Daten zu informieren, bitte ich dich die folgenden Datenschutzhinweise zur Kenntnis zu nehmen. Pers\u00f6nliche Daten Pers\u00f6nliche Daten, die\u00a0du auf dieser\u00a0Website elektronisch \u00fcbermittelst, wie zum Beispiel Name, E-Mail-Adresse, Adresse\u00a0oder andere pers\u00f6nlichen Angaben, werden von\u00a0mir nur\u2026","rel":"","context":"\u00c4hnlicher Beitrag","block_context":{"text":"\u00c4hnlicher Beitrag","link":""},"img":{"alt_text":"","src":"","width":0,"height":0},"classes":[]},{"id":4074,"url":"http:\/\/lisatroeber-photography.com\/index.php\/weihnachtsminis\/","url_meta":{"origin":25,"position":3},"title":"WEIHNACHTSMINIS","author":"lisatroeber","date":"21. Oktober 2025","format":false,"excerpt":"Wir freuen uns riesig, dass du hier bist und Interesse an unseren Weihnachtsshootings hast. Egal, ob du uns das erste Mal besuchst oder schon zu unseren treuen Besucher:innen geh\u00f6rst - ein riesengro\u00dfes Dankesch\u00f6n f\u00fcr dein Interesse! Du kannst dich jetzt HIER direkt anmelden. Bitte beachte, dass dein Termin erst fix\u2026","rel":"","context":"\u00c4hnlicher Beitrag","block_context":{"text":"\u00c4hnlicher Beitrag","link":""},"img":{"alt_text":"","src":"https:\/\/i0.wp.com\/lisatroeber-photography.com\/wp-content\/uploads\/2019\/01\/9_07-e1548511744742.png?resize=350%2C200","width":350,"height":200,"srcset":"https:\/\/i0.wp.com\/lisatroeber-photography.com\/wp-content\/uploads\/2019\/01\/9_07-e1548511744742.png?resize=350%2C200 1x, https:\/\/i0.wp.com\/lisatroeber-photography.com\/wp-content\/uploads\/2019\/01\/9_07-e1548511744742.png?resize=525%2C300 1.5x, https:\/\/i0.wp.com\/lisatroeber-photography.com\/wp-content\/uploads\/2019\/01\/9_07-e1548511744742.png?resize=700%2C400 2x, https:\/\/i0.wp.com\/lisatroeber-photography.com\/wp-content\/uploads\/2019\/01\/9_07-e1548511744742.png?resize=1050%2C600 3x, https:\/\/i0.wp.com\/lisatroeber-photography.com\/wp-content\/uploads\/2019\/01\/9_07-e1548511744742.png?resize=1400%2C800 4x"},"classes":[]},{"id":1461,"url":"http:\/\/lisatroeber-photography.com\/index.php\/impressum\/","url_meta":{"origin":25,"position":4},"title":"IMPRESSUM","author":"lisatroeber","date":"26. Juni 2017","format":false,"excerpt":"F\u00fcr den Inhalt verantwortlich Lisa Tr\u00f6ber 2500 Baden, Weilburgstra\u00dfe 10\/5 hello@lisatroeber-photography.com www.lisatroeber-photography.com Copyright Die durch die Seitenbetreiber erstellten Inhalte und Werke auf diesen Seiten unterliegen dem deutschen Urheberrecht. Die Vervielf\u00e4ltigung, Bearbeitung, Verbreitung und jede Art der Verwertung au\u00dferhalb der Grenzen des Urheberrechtes bed\u00fcrfen der schriftlichen Zustimmung des jeweiligen Autors bzw.\u2026","rel":"","context":"\u00c4hnlicher Beitrag","block_context":{"text":"\u00c4hnlicher Beitrag","link":""},"img":{"alt_text":"","src":"","width":0,"height":0},"classes":[]}],"_links":{"self":[{"href":"http:\/\/lisatroeber-photography.com\/index.php\/wp-json\/wp\/v2\/pages\/25"}],"collection":[{"href":"http:\/\/lisatroeber-photography.com\/index.php\/wp-json\/wp\/v2\/pages"}],"about":[{"href":"http:\/\/lisatroeber-photography.com\/index.php\/wp-json\/wp\/v2\/types\/page"}],"author":[{"embeddable":true,"href":"http:\/\/lisatroeber-photography.com\/index.php\/wp-json\/wp\/v2\/users\/1"}],"replies":[{"embeddable":true,"href":"http:\/\/lisatroeber-photography.com\/index.php\/wp-json\/wp\/v2\/comments?post=25"}],"version-history":[{"count":23,"href":"http:\/\/lisatroeber-photography.com\/index.php\/wp-json\/wp\/v2\/pages\/25\/revisions"}],"predecessor-version":[{"id":3359,"href":"http:\/\/lisatroeber-photography.com\/index.php\/wp-json\/wp\/v2\/pages\/25\/revisions\/3359"}],"wp:attachment":[{"href":"http:\/\/lisatroeber-photography.com\/index.php\/wp-json\/wp\/v2\/media?parent=25"}],"curies":[{"name":"wp","href":"https:\/\/api.w.org\/{rel}","templated":true}]}}