{"id":4074,"date":"2025-10-21T11:02:54","date_gmt":"2025-10-21T09:02:54","guid":{"rendered":"http:\/\/lisatroeber-photography.com\/?page_id=4074"},"modified":"2025-10-22T22:17:54","modified_gmt":"2025-10-22T20:17:54","slug":"weihnachtsminis","status":"publish","type":"page","link":"http:\/\/lisatroeber-photography.com\/index.php\/weihnachtsminis\/","title":{"rendered":"WEIHNACHTSMINIS"},"content":{"rendered":"\n<p class=\"has-text-align-center\">Wir freuen uns riesig, dass du hier bist und Interesse an unseren Weihnachtsshootings hast. Egal, ob du uns das erste Mal besuchst oder schon zu unseren treuen Besucher:innen geh\u00f6rst &#8211; ein riesengro\u00dfes Dankesch\u00f6n f\u00fcr dein Interesse! Du kannst dich jetzt <a href=\"https:\/\/calendly.com\/annaenya-info\/30min\">HIER<\/a> direkt anmelden. Bitte beachte, dass dein Termin erst fix ist, wenn du eine Best\u00e4tigung per Mail erhalten hast. <\/p>\n\n\n\n<p class=\"has-text-align-center\">TERMINE 2025<\/p>\n\n\n\n<p class=\"has-text-align-center\">Freitag, 7. November<\/p>\n\n\n\n<p class=\"has-text-align-center\">Samstag, 8. November<\/p>\n\n\n\n<p class=\"has-text-align-center\">Sonntag, 9. November<\/p>\n\n\n\n<p class=\"has-text-align-center\">Montag, 10. November<\/p>\n\n\n<div class=\"wp-block-image\">\n<figure class=\"aligncenter size-large is-resized\"><img loading=\"lazy\" decoding=\"async\" width=\"1024\" height=\"290\" data-attachment-id=\"2447\" data-permalink=\"http:\/\/lisatroeber-photography.com\/9_07\/\" data-orig-file=\"https:\/\/i0.wp.com\/lisatroeber-photography.com\/wp-content\/uploads\/2019\/01\/9_07-e1548511744742.png?fit=6840%2C1940\" data-orig-size=\"6840,1940\" data-comments-opened=\"0\" data-image-meta=\"{&quot;aperture&quot;:&quot;0&quot;,&quot;credit&quot;:&quot;&quot;,&quot;camera&quot;:&quot;&quot;,&quot;caption&quot;:&quot;&quot;,&quot;created_timestamp&quot;:&quot;0&quot;,&quot;copyright&quot;:&quot;&quot;,&quot;focal_length&quot;:&quot;0&quot;,&quot;iso&quot;:&quot;0&quot;,&quot;shutter_speed&quot;:&quot;0&quot;,&quot;title&quot;:&quot;&quot;,&quot;orientation&quot;:&quot;0&quot;}\" data-image-title=\"9_07\" data-image-description=\"\" data-image-caption=\"\" data-medium-file=\"https:\/\/i0.wp.com\/lisatroeber-photography.com\/wp-content\/uploads\/2019\/01\/9_07-e1548511744742.png?fit=300%2C85\" data-large-file=\"https:\/\/i0.wp.com\/lisatroeber-photography.com\/wp-content\/uploads\/2019\/01\/9_07-e1548511744742.png?fit=1024%2C290\" src=\"https:\/\/i0.wp.com\/lisatroeber-photography.com\/wp-content\/uploads\/2019\/01\/9_07-e1548511744742-1024x290.png?resize=1024%2C290\" alt=\"\" class=\"wp-image-2447\" style=\"width:144px;height:auto\" srcset=\"https:\/\/i0.wp.com\/lisatroeber-photography.com\/wp-content\/uploads\/2019\/01\/9_07-e1548511744742.png?resize=1024%2C290 1024w, https:\/\/i0.wp.com\/lisatroeber-photography.com\/wp-content\/uploads\/2019\/01\/9_07-e1548511744742.png?resize=300%2C85 300w, https:\/\/i0.wp.com\/lisatroeber-photography.com\/wp-content\/uploads\/2019\/01\/9_07-e1548511744742.png?resize=768%2C218 768w, https:\/\/i0.wp.com\/lisatroeber-photography.com\/wp-content\/uploads\/2019\/01\/9_07-e1548511744742.png?w=2000 2000w, https:\/\/i0.wp.com\/lisatroeber-photography.com\/wp-content\/uploads\/2019\/01\/9_07-e1548511744742.png?w=3000 3000w\" sizes=\"(max-width: 1000px) 100vw, 1000px\" data-recalc-dims=\"1\" \/><\/figure><\/div>\n\n\n<p><\/p>\n\n\n\n<p class=\"has-text-align-center\">Donnerstag, 13. November<\/p>\n\n\n\n<p class=\"has-text-align-center\">Freitag, 14. November<\/p>\n\n\n\n<p class=\"has-text-align-center\">Samstag, 15. November<\/p>\n\n\n\n<p class=\"has-text-align-center\">Sonntag, 16. November<\/p>\n\n\n\n<p class=\"has-text-align-center\"><br><em>jeweils 9:00 &#8211; 16:00 Uhr<\/em><br>Rathausgasse 9\/3 \u2022 2500 Baden<\/p>\n","protected":false},"excerpt":{"rendered":"<p>Wir freuen uns riesig, dass du hier bist und Interesse an unseren Weihnachtsshootings hast. Egal, ob du uns das erste&#8230;<\/p>\n<div class=\"more-link\"><a href=\"http:\/\/lisatroeber-photography.com\/index.php\/weihnachtsminis\/\">READ MORE<\/a><\/div>\n","protected":false},"author":1,"featured_media":0,"parent":0,"menu_order":0,"comment_status":"closed","ping_status":"closed","template":"","meta":{"_genesis_hide_title":false,"_genesis_hide_breadcrumbs":false,"_genesis_hide_singular_image":false,"_genesis_hide_footer_widgets":false,"_genesis_custom_body_class":"","_genesis_custom_post_class":"","_genesis_layout":"","jetpack_post_was_ever_published":false,"footnotes":""},"jetpack_sharing_enabled":true,"jetpack_shortlink":"https:\/\/wp.me\/P8sGNm-13I","jetpack-related-posts":[{"id":2116,"url":"http:\/\/lisatroeber-photography.com\/index.php\/faq\/","url_meta":{"origin":4074,"position":0},"title":"FAQ","author":"lisatroeber","date":"14. Januar 2019","format":false,"excerpt":"Du hast bestimmt viele Fragen an mich! Hier beantworte ich die meistgestellten Fragen, die mich immer wieder erreichen. Wenn dir sonst noch etwas unklar sein sollte, schreibe mir gerne jederzeit \u00fcber das Kontaktformular. Ich freu mich, dir helfen zu k\u00f6nnen! [one-half-first align=\"left\"]A L L G E M E I N\u2026","rel":"","context":"\u00c4hnlicher Beitrag","block_context":{"text":"\u00c4hnlicher Beitrag","link":""},"img":{"alt_text":"","src":"https:\/\/i0.wp.com\/lisatroeber-photography.com\/wp-content\/uploads\/2019\/01\/7_07-1.png?resize=350%2C200","width":350,"height":200,"srcset":"https:\/\/i0.wp.com\/lisatroeber-photography.com\/wp-content\/uploads\/2019\/01\/7_07-1.png?resize=350%2C200 1x, https:\/\/i0.wp.com\/lisatroeber-photography.com\/wp-content\/uploads\/2019\/01\/7_07-1.png?resize=525%2C300 1.5x, https:\/\/i0.wp.com\/lisatroeber-photography.com\/wp-content\/uploads\/2019\/01\/7_07-1.png?resize=700%2C400 2x, https:\/\/i0.wp.com\/lisatroeber-photography.com\/wp-content\/uploads\/2019\/01\/7_07-1.png?resize=1050%2C600 3x, https:\/\/i0.wp.com\/lisatroeber-photography.com\/wp-content\/uploads\/2019\/01\/7_07-1.png?resize=1400%2C800 4x"},"classes":[]},{"id":25,"url":"http:\/\/lisatroeber-photography.com\/index.php\/kontakt\/","url_meta":{"origin":4074,"position":1},"title":"KONTAKT","author":"lisatroeber","date":"5. Januar 2017","format":false,"excerpt":"LET'S DO IT! Sch\u00f6n, dass du mich gefunden hast. Ich freue mich von dir zu h\u00f6ren und stehe dir jederzeit per Mail zu Verf\u00fcgung, um dir all deine Fragen zu beantworten. Trag deine Daten doch einfach bitte hier in diesem Kontaktformular ein - \u00a0Ich versuche dir dann so schnell wie\u2026","rel":"","context":"\u00c4hnlicher Beitrag","block_context":{"text":"\u00c4hnlicher Beitrag","link":""},"img":{"alt_text":"","src":"","width":0,"height":0},"classes":[]},{"id":1997,"url":"http:\/\/lisatroeber-photography.com\/index.php\/datenschutz\/","url_meta":{"origin":4074,"position":2},"title":"DATENSCHUTZ","author":"lisatroeber","date":"24. Mai 2018","format":false,"excerpt":"Ich lege gro\u00dfen Wert auf den Schutz\u00a0deiner Daten. Um\u00a0dich in vollem Umfang \u00fcber die Verwendung personenbezogener Daten zu informieren, bitte ich dich die folgenden Datenschutzhinweise zur Kenntnis zu nehmen. Pers\u00f6nliche Daten Pers\u00f6nliche Daten, die\u00a0du auf dieser\u00a0Website elektronisch \u00fcbermittelst, wie zum Beispiel Name, E-Mail-Adresse, Adresse\u00a0oder andere pers\u00f6nlichen Angaben, werden von\u00a0mir nur\u2026","rel":"","context":"\u00c4hnlicher Beitrag","block_context":{"text":"\u00c4hnlicher Beitrag","link":""},"img":{"alt_text":"","src":"","width":0,"height":0},"classes":[]},{"id":10,"url":"http:\/\/lisatroeber-photography.com\/index.php\/about\/","url_meta":{"origin":4074,"position":3},"title":"LISA","author":"lisatroeber","date":"5. Januar 2017","format":false,"excerpt":"","rel":"","context":"\u00c4hnlicher Beitrag","block_context":{"text":"\u00c4hnlicher Beitrag","link":""},"img":{"alt_text":"","src":"","width":0,"height":0},"classes":[]}],"_links":{"self":[{"href":"http:\/\/lisatroeber-photography.com\/index.php\/wp-json\/wp\/v2\/pages\/4074"}],"collection":[{"href":"http:\/\/lisatroeber-photography.com\/index.php\/wp-json\/wp\/v2\/pages"}],"about":[{"href":"http:\/\/lisatroeber-photography.com\/index.php\/wp-json\/wp\/v2\/types\/page"}],"author":[{"embeddable":true,"href":"http:\/\/lisatroeber-photography.com\/index.php\/wp-json\/wp\/v2\/users\/1"}],"replies":[{"embeddable":true,"href":"http:\/\/lisatroeber-photography.com\/index.php\/wp-json\/wp\/v2\/comments?post=4074"}],"version-history":[{"count":11,"href":"http:\/\/lisatroeber-photography.com\/index.php\/wp-json\/wp\/v2\/pages\/4074\/revisions"}],"predecessor-version":[{"id":4090,"href":"http:\/\/lisatroeber-photography.com\/index.php\/wp-json\/wp\/v2\/pages\/4074\/revisions\/4090"}],"wp:attachment":[{"href":"http:\/\/lisatroeber-photography.com\/index.php\/wp-json\/wp\/v2\/media?parent=4074"}],"curies":[{"name":"wp","href":"https:\/\/api.w.org\/{rel}","templated":true}]}}